{"id":301,"date":"2026-02-01T13:30:26","date_gmt":"2026-02-01T13:30:26","guid":{"rendered":"https:\/\/lcbarcelona.com\/?page_id=301"},"modified":"2026-02-03T17:24:39","modified_gmt":"2026-02-03T17:24:39","slug":"aviso-legal","status":"publish","type":"page","link":"https:\/\/lcbarcelona.com\/en\/aviso-legal\/","title":{"rendered":"Legal Notice"},"content":{"rendered":"<p>El presente aviso legal establece las condiciones de acceso a la web&nbsp;www.lcibiza.com (en adelante, la WEB) y de uso de sus contenidos, tales como:&nbsp;el c\u00f3digo fuente, dise\u00f1o, estructura de navegaci\u00f3n, bases de datos, textos, im\u00e1genes, fotos, sonido y cualquier otra creaci\u00f3n (adelante y conjuntamente, los CONTENIDOS).<\/p>\n\n\n\n<ol class=\"wp-block-list\">\n<li><strong>Identificaci\u00f3n y contacto<\/strong><br>La WEB es titularidad de PLATAFORMA RENT CAR BCN &amp; IBZ S.L. (en adelante, el TITULAR), con n\u00famero de Identificaci\u00f3n Fiscal CIF:B67537274 que facilita los siguientes datos de contacto:<br>Direcci\u00f3n: Av.\/ Graells, 29<br>San Cugat del Vall\u00e9s (Barcelona) 08173<br>Mail: info@lcbarcelona.com<\/li>\n\n\n\n<li><strong>Conocimiento y aceptaci\u00f3n<\/strong><br>2.1 El acceso a la WEB, que \u00fanicamente se permite a personas mayores de 18 a\u00f1os y\u00a0que est\u00e1 totalmente prohibido a menores de edad, atribuye la condici\u00f3n de usuario de\u00a0la WEB (en adelante, el USUARIO).<br>2.2 Navegar por la WEB significa que el USUARIO conoce y acepta sin reservas el\u00a0presente aviso legal, en la versi\u00f3n publicada en el momento que el USUARIO accede a la\u00a0misma, as\u00ed como de aquellas condiciones generales que sean de aplicaci\u00f3n en la\u00a0contrataci\u00f3n de los servicios ofrecidos en la WEB.<\/li>\n\n\n\n<li><strong>Propiedad Intelectual (Derechos de Autor)<\/strong><br>3.1 Todos los derechos de autor de la WEB y sus CONTENIDOS son propiedad del\u00a0TITULAR o bien \u00e9ste ha adquirido los correspondientes derechos de explotaci\u00f3n de sus\u00a0titulares y\/o autores, y est\u00e1n protegidos por las leyes y tratados internacionales sobre\u00a0propiedad intelectual.<br>3.2 \u00danicamente se permite al USUARIO la visualizaci\u00f3n de los CONTENIDOS de la WEB\u00a0para su uso personal y no comercial.<br>3.3 Para cualquier otro uso de los CONTENIDOS de la WEB no expresamente autorizado\u00a0en el presente aviso legal, el USUARIO deber\u00e1 solicitar y obtener la previa autorizaci\u00f3n<br>escrita del TITULAR o del correspondiente tercero titular\/autor.<\/li>\n\n\n\n<li><strong>Propiedad Industrial (Marcas)<\/strong><br>4.1 El TITULAR es propietario de los derechos de propiedad industrial referidos a sus\u00a0productos y servicios, en especial, los relativos a las marcas.<br>4.2 Respecto a las citas de productos, servicios y marcas registradas de terceros y\u00a0colaboradores, el TITULAR reconoce a favor de sus titulares los correspondientes\u00a0derechos de propiedad industrial e intelectual, no implicando su sola menci\u00f3n o\u00a0aparici\u00f3n en la WEB la existencia de derechos o responsabilidad alguna del TITULAR\u00a0sobre los mismos, como tampoco respaldo, patrocinio o recomendaci\u00f3n por parte del\u00a0TITULAR, salvo que se manifieste de manera expresa.<\/li>\n\n\n\n<li><strong>Responsabilidad del USUARIO<\/strong><br>5.1 El uso no autorizado de los CONTENIDOS de la WEB o la lesi\u00f3n de los derechos de\u00a0propiedad intelectual y\/o industrial del TITULAR dar\u00e1 lugar a las responsabilidades\u00a0previstas por la legislaci\u00f3n vigente.<br>5.2 El TITULAR velar\u00e1 por el cumplimiento del presente aviso legal y por la debida\u00a0utilizaci\u00f3n de los CONTENIDOS de la WEB, ejercitando todas las acciones civiles y\u00a0penales que le correspondan en el caso de infracci\u00f3n de los derechos de propiedad\u00a0intelectual y\/o industrial por parte del USUARIO.<\/li>\n\n\n\n<li><strong>\u201cCookies\u201d<\/strong><br>La WEB del TITULAR no utiliza \u201ccookies\u201d (peque\u00f1os archivos de informaci\u00f3n que el\u00a0servidor de la WEB env\u00eda al ordenador del USUARIO).<\/li>\n\n\n\n<li><strong>Modificaciones y duraci\u00f3n<\/strong><br>7.1 El TITULAR se reserva el derecho de ampliar, modificar o suprimir los CONTENIDOS\u00a0de la WEB y\/o las condiciones del presente aviso legal, en cualquier momento sin\u00a0preaviso.<br>7.2 El TITULAR tambi\u00e9n se reserva el derecho de suspender y\/o restringir, sea temporal\u00a0o permanentemente, el acceso a la WEB y\/o uso de sus CONTENIDOS, en cualquier<br>momento sin preaviso.<\/li>\n\n\n\n<li><strong>Exclusi\u00f3n de responsabilidad y garant\u00edas<\/strong><br>8.1 El TITULAR no garantiza ni se responsabiliza de los eventuales errores tipogr\u00e1ficos,<br>formales o num\u00e9ricos que puedan contener los CONTENIDOS de la WEB, ni de la<br>exactitud de la informaci\u00f3n referida a terceros.<br>8.2 El TITULAR no garantiza la veracidad ni se responsabiliza del contenido de los<br>anuncios de terceros publicados en la WEB. Los anunciantes asumen toda la<br>responsabilidad de sus anuncios publicados en la WEB.<\/li>\n\n\n\n<li><strong>Enlaces<\/strong><br>La WEB puede tener enlaces a webs de terceros. La TITULAR no asume ninguna\u00a0responsabilidad por los contenidos, informaciones o servicios que aparezcan en dichas\u00a0webs de terceros, que tendr\u00e1n exclusivamente car\u00e1cter informativo y que en ning\u00fan\u00a0caso implican relaci\u00f3n entre el TITULAR y las personas o entidades titulares de las\u00a0mismas.<\/li>\n\n\n\n<li><strong>Ley aplicable y jurisdicci\u00f3n<\/strong><br>10.1 El presente aviso legal se rige por la legislaci\u00f3n espa\u00f1ola.<br>10.2 Para solucionar cualquier controversia derivada del acceso a la WEB o del uso de\u00a0sus CONTENIDOS, el TITULAR y el USUARIO se someter\u00e1n a los Juzgados y Tribunales de\u00a0la ciudad de Barcelona.<\/li>\n<\/ol>","protected":false},"excerpt":{"rendered":"<p>El presente aviso legal establece las condiciones de acceso a la web&nbsp;www.lcibiza.com (en adelante, la WEB) y de uso de [&hellip;]<\/p>\n","protected":false},"author":1,"featured_media":0,"parent":0,"menu_order":0,"comment_status":"closed","ping_status":"closed","template":"","meta":{"site-sidebar-layout":"default","site-content-layout":"","ast-site-content-layout":"default","site-content-style":"default","site-sidebar-style":"default","ast-global-header-display":"","ast-banner-title-visibility":"","ast-main-header-display":"","ast-hfb-above-header-display":"","ast-hfb-below-header-display":"","ast-hfb-mobile-header-display":"","site-post-title":"","ast-breadcrumbs-content":"","ast-featured-img":"","footer-sml-layout":"","ast-disable-related-posts":"","theme-transparent-header-meta":"","adv-header-id-meta":"","stick-header-meta":"","header-above-stick-meta":"","header-main-stick-meta":"","header-below-stick-meta":"","astra-migrate-meta-layouts":"default","ast-page-background-enabled":"default","ast-page-background-meta":{"desktop":{"background-color":"var(--ast-global-color-5)","background-image":"","background-repeat":"repeat","background-position":"center center","background-size":"auto","background-attachment":"scroll","background-type":"","background-media":"","overlay-type":"","overlay-color":"","overlay-opacity":"","overlay-gradient":""},"tablet":{"background-color":"","background-image":"","background-repeat":"repeat","background-position":"center center","background-size":"auto","background-attachment":"scroll","background-type":"","background-media":"","overlay-type":"","overlay-color":"","overlay-opacity":"","overlay-gradient":""},"mobile":{"background-color":"","background-image":"","background-repeat":"repeat","background-position":"center center","background-size":"auto","background-attachment":"scroll","background-type":"","background-media":"","overlay-type":"","overlay-color":"","overlay-opacity":"","overlay-gradient":""}},"ast-content-background-meta":{"desktop":{"background-color":"var(--ast-global-color-4)","background-image":"","background-repeat":"repeat","background-position":"center center","background-size":"auto","background-attachment":"scroll","background-type":"","background-media":"","overlay-type":"","overlay-color":"","overlay-opacity":"","overlay-gradient":""},"tablet":{"background-color":"var(--ast-global-color-4)","background-image":"","background-repeat":"repeat","background-position":"center center","background-size":"auto","background-attachment":"scroll","background-type":"","background-media":"","overlay-type":"","overlay-color":"","overlay-opacity":"","overlay-gradient":""},"mobile":{"background-color":"var(--ast-global-color-4)","background-image":"","background-repeat":"repeat","background-position":"center center","background-size":"auto","background-attachment":"scroll","background-type":"","background-media":"","overlay-type":"","overlay-color":"","overlay-opacity":"","overlay-gradient":""}},"_joinchat":[],"footnotes":""},"class_list":["post-301","page","type-page","status-publish","hentry"],"_links":{"self":[{"href":"https:\/\/lcbarcelona.com\/en\/wp-json\/wp\/v2\/pages\/301","targetHints":{"allow":["GET"]}}],"collection":[{"href":"https:\/\/lcbarcelona.com\/en\/wp-json\/wp\/v2\/pages"}],"about":[{"href":"https:\/\/lcbarcelona.com\/en\/wp-json\/wp\/v2\/types\/page"}],"author":[{"embeddable":true,"href":"https:\/\/lcbarcelona.com\/en\/wp-json\/wp\/v2\/users\/1"}],"replies":[{"embeddable":true,"href":"https:\/\/lcbarcelona.com\/en\/wp-json\/wp\/v2\/comments?post=301"}],"version-history":[{"count":2,"href":"https:\/\/lcbarcelona.com\/en\/wp-json\/wp\/v2\/pages\/301\/revisions"}],"predecessor-version":[{"id":600,"href":"https:\/\/lcbarcelona.com\/en\/wp-json\/wp\/v2\/pages\/301\/revisions\/600"}],"wp:attachment":[{"href":"https:\/\/lcbarcelona.com\/en\/wp-json\/wp\/v2\/media?parent=301"}],"curies":[{"name":"wp","href":"https:\/\/api.w.org\/{rel}","templated":true}]}}