{"id":303,"date":"2026-02-01T13:31:26","date_gmt":"2026-02-01T13:31:26","guid":{"rendered":"https:\/\/lcbarcelona.com\/?page_id=303"},"modified":"2026-02-01T13:31:26","modified_gmt":"2026-02-01T13:31:26","slug":"terminos-condiciones","status":"publish","type":"page","link":"https:\/\/lcbarcelona.com\/en\/terminos-condiciones\/","title":{"rendered":"Terminos condiciones"},"content":{"rendered":"<h2 class=\"wp-block-heading\">T\u00c9RMINOS Y CONDICIONES DE USO<\/h2>\n\n\n\n<p>ACEPTACI\u00d3N DE LOS T\u00c9RMINOS Y CONDICIONES DE USO. LcIbiza pone a disposici\u00f3n del usuario una plataforma de b\u00fasqueda asociada a servicios de ocio en Ibiza. Se puede acceder a estos servicios desde la url: https:\/\/www.lcbarcelona.com<\/p>\n\n\n\n<p>Antes de las transacciones, el usuario tiene la opci\u00f3n de aceptar estos t\u00e9rminos y condiciones. Los pagos se realizan a trav\u00e9s de la web no en la cuenta de LcIbiza, sino a cuenta de los proveedores de dichos servicios, ya sea por transferencia bancaria o con tarjeta de cr\u00e9dito, LcIbiza se reserva el derecho de modificar estos t\u00e9rminos y condiciones.<\/p>\n\n\n\n<p>CONDICIONES DE USO. El usuario se compromete a cumplimentar verazmente los datos del formulario de reserva as\u00ed como a abonar la cuenta que cree con la empresa de servicios que contrate, comprometi\u00e9ndose a seguir estos t\u00e9rminos y condiciones.<\/p>\n\n\n\n<p>RESPONSABILIDADES LC Barcelona<\/p>\n\n\n\n<p>Los servicios de alquiler de Ibiza trabajan para el buen funcionamiento de los sistemas y ponen a disposici\u00f3n de los usuarios v\u00edas alternativas de contacto en el caso de que algo inesperado se viera obligado a interrumpir el acceso a sus servicios. Parte de la responsabilidad de LcIbiza de garantizar la seguridad de la informaci\u00f3n personal a trav\u00e9s de medidas de seguridad, por ello, LcIbiza se compromete a adoptar las medidas necesarias para proteger el acceso a la informaci\u00f3n sensible del usuario.<\/p>\n\n\n\n<p>LIMITACI\u00d3N DE RESPONSABILIDAD. LcIbiza no ser\u00e1 responsable ni participar\u00e1 en transacciones comerciales entre las partes en ninguna transacci\u00f3n que tenga lugar entre el usuario y las empresas colaboradoras que ofrecen sus servicios a trav\u00e9s de este sitio web, limit\u00e1ndose la actividad a asistir, informar y poner a disposici\u00f3n de los usuarios precios, disponibilidad, etc, pero en todo momento exime ibizarentalservices.com de responsabilidad por incumplimiento de cualquiera de las dos partes. Siendo de plena responsabilidad de las empresas que prestan sus servicios a trav\u00e9s de este sitio web.<\/p>\n\n\n\n<p>Las empresas son las \u00fanicas responsables de la disponibilidad de los veh\u00edculos y las encargadas de verificar los datos de sus reservas frente a posibles demandas o reclamaciones y los servicios de alquiler de Ibiza exentos de cualquier responsabilidad. Usted declara indemne de todas las reclamaciones, demandas y da\u00f1os y perjuicios de toda naturaleza que se deriven como consecuencia de la informaci\u00f3n publicada en LcIbiza o de las transacciones comerciales derivadas de la misma.<\/p>\n\n\n\n<p>Los precios de los productos mostrados tienen car\u00e1cter meramente informativo, ya que son el resultado de conversiones autom\u00e1ticas y dependen de la disponibilidad y los tiempos. Por lo tanto, LcIbiza se exime de cualquier responsabilidad. Al igual que LcIbiza no se hace responsable del contenido de los sitios web enlazados con servicios publicitarios.<\/p>\n\n\n\n<p>MODO DE USO Y CONDUCTA DEL USUARIO El usuario se compromete a:<\/p>\n\n\n\n<p>\u2013 No hacerse pasar por otra persona o empresa, ante la que ser\u00e1 la \u00fanica legalmente responsable ante las actuaciones que se derivasen.<\/p>\n\n\n\n<p>\u2013 No utilizar las herramientas, servicios y contenidos de los servicios de alquiler de Ibiza para ninguna finalidad distinta a la que fueron concebidos.<\/p>\n\n\n\n<p>PROPIEDAD INTELECTUAL. Todos los contenidos publicados por los usuarios a trav\u00e9s de sus herramientas de gesti\u00f3n de perfiles y de los servicios de alquiler de Ibiza de titularidad no pudiendo por tanto reproducir dichos contenidos en ning\u00fan soporte, ya sea online u offline para cualquier fin sin la expresa redacci\u00f3n. El usuario es el \u00fanico responsable del contenido que publique en la web, eximiendo a LcIbiza de toda responsabilidad de cualquier acci\u00f3n que el usuario realice y en perjuicio de las leyes de propiedad intelectual.<\/p>\n\n\n\n<p>NOTIFICACI\u00d3N. A efectos de cualquier notificaci\u00f3n a los servicios de alquiler de Ibiza, deber\u00e1 enviarse a la direcci\u00f3n info@lcbarcelona.com<\/p>","protected":false},"excerpt":{"rendered":"<p>T\u00c9RMINOS Y CONDICIONES DE USO ACEPTACI\u00d3N DE LOS T\u00c9RMINOS Y CONDICIONES DE USO. LcIbiza pone a disposici\u00f3n del usuario una [&hellip;]<\/p>\n","protected":false},"author":1,"featured_media":0,"parent":0,"menu_order":0,"comment_status":"closed","ping_status":"closed","template":"","meta":{"site-sidebar-layout":"default","site-content-layout":"","ast-site-content-layout":"default","site-content-style":"default","site-sidebar-style":"default","ast-global-header-display":"","ast-banner-title-visibility":"","ast-main-header-display":"","ast-hfb-above-header-display":"","ast-hfb-below-header-display":"","ast-hfb-mobile-header-display":"","site-post-title":"disabled","ast-breadcrumbs-content":"","ast-featured-img":"","footer-sml-layout":"","ast-disable-related-posts":"","theme-transparent-header-meta":"","adv-header-id-meta":"","stick-header-meta":"","header-above-stick-meta":"","header-main-stick-meta":"","header-below-stick-meta":"","astra-migrate-meta-layouts":"default","ast-page-background-enabled":"default","ast-page-background-meta":{"desktop":{"background-color":"var(--ast-global-color-5)","background-image":"","background-repeat":"repeat","background-position":"center center","background-size":"auto","background-attachment":"scroll","background-type":"","background-media":"","overlay-type":"","overlay-color":"","overlay-opacity":"","overlay-gradient":""},"tablet":{"background-color":"","background-image":"","background-repeat":"repeat","background-position":"center center","background-size":"auto","background-attachment":"scroll","background-type":"","background-media":"","overlay-type":"","overlay-color":"","overlay-opacity":"","overlay-gradient":""},"mobile":{"background-color":"","background-image":"","background-repeat":"repeat","background-position":"center center","background-size":"auto","background-attachment":"scroll","background-type":"","background-media":"","overlay-type":"","overlay-color":"","overlay-opacity":"","overlay-gradient":""}},"ast-content-background-meta":{"desktop":{"background-color":"var(--ast-global-color-4)","background-image":"","background-repeat":"repeat","background-position":"center center","background-size":"auto","background-attachment":"scroll","background-type":"","background-media":"","overlay-type":"","overlay-color":"","overlay-opacity":"","overlay-gradient":""},"tablet":{"background-color":"var(--ast-global-color-4)","background-image":"","background-repeat":"repeat","background-position":"center center","background-size":"auto","background-attachment":"scroll","background-type":"","background-media":"","overlay-type":"","overlay-color":"","overlay-opacity":"","overlay-gradient":""},"mobile":{"background-color":"var(--ast-global-color-4)","background-image":"","background-repeat":"repeat","background-position":"center center","background-size":"auto","background-attachment":"scroll","background-type":"","background-media":"","overlay-type":"","overlay-color":"","overlay-opacity":"","overlay-gradient":""}},"_joinchat":[],"footnotes":""},"class_list":["post-303","page","type-page","status-publish","hentry"],"_links":{"self":[{"href":"https:\/\/lcbarcelona.com\/en\/wp-json\/wp\/v2\/pages\/303","targetHints":{"allow":["GET"]}}],"collection":[{"href":"https:\/\/lcbarcelona.com\/en\/wp-json\/wp\/v2\/pages"}],"about":[{"href":"https:\/\/lcbarcelona.com\/en\/wp-json\/wp\/v2\/types\/page"}],"author":[{"embeddable":true,"href":"https:\/\/lcbarcelona.com\/en\/wp-json\/wp\/v2\/users\/1"}],"replies":[{"embeddable":true,"href":"https:\/\/lcbarcelona.com\/en\/wp-json\/wp\/v2\/comments?post=303"}],"version-history":[{"count":1,"href":"https:\/\/lcbarcelona.com\/en\/wp-json\/wp\/v2\/pages\/303\/revisions"}],"predecessor-version":[{"id":304,"href":"https:\/\/lcbarcelona.com\/en\/wp-json\/wp\/v2\/pages\/303\/revisions\/304"}],"wp:attachment":[{"href":"https:\/\/lcbarcelona.com\/en\/wp-json\/wp\/v2\/media?parent=303"}],"curies":[{"name":"wp","href":"https:\/\/api.w.org\/{rel}","templated":true}]}}